{"id":11044,"date":"2023-08-03T07:32:42","date_gmt":"2023-08-03T05:32:42","guid":{"rendered":"https:\/\/www.sensitec.com\/vertrieb\/"},"modified":"2024-11-28T14:23:16","modified_gmt":"2024-11-28T13:23:16","slug":"vertrieb","status":"publish","type":"page","link":"https:\/\/www.sensitec.com\/en\/vertrieb\/","title":{"rendered":"Vertrieb"},"content":{"rendered":"\t\t<div data-elementor-type=\"wp-page\" data-elementor-id=\"11044\" class=\"elementor elementor-11044 elementor-2713\" data-elementor-post-type=\"page\">\n\t\t\t\t\t\t<section class=\"elementor-section elementor-top-section elementor-element elementor-element-fc8df elementor-section-full_width elementor-section-height-default elementor-section-height-default\" data-id=\"fc8df\" data-element_type=\"section\" data-e-type=\"section\">\n\t\t\t\t\t\t<div class=\"elementor-container elementor-column-gap-default\">\n\t\t\t\t\t<div class=\"elementor-column elementor-col-100 elementor-top-column elementor-element elementor-element-ea67c16\" data-id=\"ea67c16\" data-element_type=\"column\" data-e-type=\"column\">\n\t\t\t<div class=\"elementor-widget-wrap elementor-element-populated\">\n\t\t\t\t\t\t<div class=\"elementor-element elementor-element-5926327c elementor-widget elementor-widget-Hero\" data-id=\"5926327c\" data-element_type=\"widget\" data-e-type=\"widget\" data-widget_type=\"Hero.default\">\n\t\t\t\t<div class=\"elementor-widget-container\">\n\t\t\t\t\t<div class=\"hero-container\"><div class=\"img-container\" style=\"max-height: 300px;\"><img decoding=\"async\" src=\"https:\/\/www.sensitec.com\/wp-content\/uploads\/2023\/07\/Unbenannt-1.png\" style=\"height: 300px;\"\/><\/div><div class=\"content\"><h1>Our sales team<\/h1><p class=\"subtitle\"><\/p><\/div><\/div>\t\t\t\t<\/div>\n\t\t\t\t<\/div>\n\t\t\t\t\t<\/div>\n\t\t<\/div>\n\t\t\t\t\t<\/div>\n\t\t<\/section>\n\t\t\t\t<section class=\"elementor-section elementor-top-section elementor-element elementor-element-7313d212 elementor-section-stretched elementor-section-boxed elementor-section-height-default elementor-section-height-default\" data-id=\"7313d212\" data-element_type=\"section\" data-e-type=\"section\" data-settings=\"{&quot;stretch_section&quot;:&quot;section-stretched&quot;,&quot;background_background&quot;:&quot;classic&quot;}\">\n\t\t\t\t\t\t<div class=\"elementor-container elementor-column-gap-default\">\n\t\t\t\t\t<div class=\"elementor-column elementor-col-100 elementor-top-column elementor-element elementor-element-62a6d7ff\" data-id=\"62a6d7ff\" data-element_type=\"column\" data-e-type=\"column\">\n\t\t\t<div class=\"elementor-widget-wrap elementor-element-populated\">\n\t\t\t\t\t\t<div class=\"elementor-element elementor-element-71c78714 elementor-align-left elementor-widget elementor-widget-breadcrumbs\" data-id=\"71c78714\" data-element_type=\"widget\" data-e-type=\"widget\" data-widget_type=\"breadcrumbs.default\">\n\t\t\t\t<div class=\"elementor-widget-container\">\n\t\t\t\t\t<p id=\"breadcrumbs\"><span><span><a href=\"https:\/\/www.sensitec.com\/en\/\">Sensitec<\/a><\/span><\/span><\/p>\t\t\t\t<\/div>\n\t\t\t\t<\/div>\n\t\t\t\t\t<\/div>\n\t\t<\/div>\n\t\t\t\t\t<\/div>\n\t\t<\/section>\n\t\t\t\t<section class=\"elementor-section elementor-top-section elementor-element elementor-element-f67bdae elementor-section-boxed elementor-section-height-default elementor-section-height-default\" data-id=\"f67bdae\" data-element_type=\"section\" data-e-type=\"section\">\n\t\t\t\t\t\t<div class=\"elementor-container elementor-column-gap-default\">\n\t\t\t\t\t<div class=\"elementor-column elementor-col-100 elementor-top-column elementor-element elementor-element-ffbe7e2\" data-id=\"ffbe7e2\" data-element_type=\"column\" data-e-type=\"column\">\n\t\t\t<div class=\"elementor-widget-wrap elementor-element-populated\">\n\t\t\t\t\t\t<div class=\"elementor-element elementor-element-e5656c0 elementor-widget elementor-widget-heading\" data-id=\"e5656c0\" data-element_type=\"widget\" data-e-type=\"widget\" data-widget_type=\"heading.default\">\n\t\t\t\t<div class=\"elementor-widget-container\">\n\t\t\t\t\t<h2 class=\"elementor-heading-title elementor-size-default\">Find your contact person in your country and region<\/h2>\t\t\t\t<\/div>\n\t\t\t\t<\/div>\n\t\t\t\t<div class=\"elementor-element elementor-element-5f0de26 elementor-widget elementor-widget-Ansprechpartner\" data-id=\"5f0de26\" data-element_type=\"widget\" data-e-type=\"widget\" data-widget_type=\"Ansprechpartner.default\">\n\t\t\t\t<div class=\"elementor-widget-container\">\n\t\t\t\t\t<div class=\"ansprechpartner-container\"><div class=\"ansprechpartner\"><div class=\"ansprechpartner-auswahl\">\n                    <select name=\"select_country\" id=\"select_country\"><option value=\"220\" >United States<\/option><option value=\"46\" >China<\/option><option value=\"115\" >South Corea<\/option><option value=\"107\" >Japan<\/option><option value=\"215\" >Taiwan<\/option><option value=\"14\" >Australia<\/option><option value=\"99\" >India<\/option><option value=\"72\" >France<\/option><option value=\"104\" >Italy<\/option><option value=\"41\" >Switzerland<\/option><option value=\"13\" >Austria<\/option><option value=\"74\" >United Kingdom<\/option><option value=\"54\" selected>Germany<\/option><option value=\"253\" >Others<\/option><option value=\"65\" >Spain<\/option><option value=\"189\" >Slovenia<\/option><option value=\"212\" >Turkey<\/option><option value=\"157\" >Netherlands<\/option><option value=\"20\" >Belgium<\/option><\/select><input id=\"input_zip\" placeholder=\"Postal code\" type=\"text\"><\/div><div id=\"results\"><\/div><\/div><div class=\"ansprechpartner-titel\"><h3>Your contact person<\/h3><\/div><\/div>\t\t\t\t<\/div>\n\t\t\t\t<\/div>\n\t\t\t\t\t<\/div>\n\t\t<\/div>\n\t\t\t\t\t<\/div>\n\t\t<\/section>\n\t\t\t\t<section class=\"elementor-section elementor-top-section elementor-element elementor-element-a9133f7 elementor-section-boxed elementor-section-height-default elementor-section-height-default\" data-id=\"a9133f7\" data-element_type=\"section\" data-e-type=\"section\">\n\t\t\t\t\t\t<div class=\"elementor-container elementor-column-gap-default\">\n\t\t\t\t\t<div class=\"elementor-column elementor-col-100 elementor-top-column elementor-element elementor-element-a915cf5\" data-id=\"a915cf5\" data-element_type=\"column\" data-e-type=\"column\">\n\t\t\t<div class=\"elementor-widget-wrap elementor-element-populated\">\n\t\t\t\t\t\t<div class=\"elementor-element elementor-element-02d0280 elementor-widget elementor-widget-heading\" data-id=\"02d0280\" data-element_type=\"widget\" data-e-type=\"widget\" data-widget_type=\"heading.default\">\n\t\t\t\t<div class=\"elementor-widget-container\">\n\t\t\t\t\t<h1 class=\"elementor-heading-title elementor-size-default\">Sales team\n<\/h1>\t\t\t\t<\/div>\n\t\t\t\t<\/div>\n\t\t\t\t<div class=\"elementor-element elementor-element-5cee6be elementor-widget elementor-widget-Contentbox\" data-id=\"5cee6be\" data-element_type=\"widget\" data-e-type=\"widget\" data-widget_type=\"Contentbox.default\">\n\t\t\t\t<div class=\"elementor-widget-container\">\n\t\t\t\t\t<div class=\"contentbox-container drei\"><div class=\"contentbox\"><h3>HEAD NATIONAL \/ INTERNATIONAL<\/h3><div class=\"img-container\"><a href=\"mailto:  j\u00f6rg.stamm@sensitec.com\"><img decoding=\"async\" src=\"https:\/\/www.sensitec.com\/wp-content\/uploads\/2023\/09\/Sensitec_Contact_JoergStamm_1000x667px.jpg\" draggable=\"false\"\/><\/a><\/div><p class=\"subtitle\">J\u00f6rg Stamm<\/p><p class=\"text\">Phone: +49 (0) 6441 5291 231<\/p><a class=\"cb-button\" href=\"mailto:  j\u00f6rg.stamm@sensitec.com\">Email<\/a><\/div><div class=\"contentbox\"><h3>HEAD DACH<\/h3><div class=\"img-container\"><a href=\"#mailto: glenn.manteuffel@sensitec.com\"><img decoding=\"async\" src=\"https:\/\/www.sensitec.com\/wp-content\/uploads\/2023\/11\/Sensitec_Contact_GlennManteuffel_1000x667px.jpg\" draggable=\"false\"\/><\/a><\/div><p class=\"subtitle\">Glenn von Manteuffel<\/p><p class=\"text\">Phone: +49 (0) 9089 92 00 962<\/p><a class=\"cb-button\" href=\"#mailto: glenn.manteuffel@sensitec.com\">Email<\/a><\/div><div class=\"contentbox\"><h3>HEAD NORTHWEST  \/ DE \/ BENELUX<\/h3><div class=\"img-container\"><a href=\"#mailto: uwe.stock@sensitec.com\"><img decoding=\"async\" src=\"https:\/\/www.sensitec.com\/wp-content\/uploads\/2023\/09\/Sensitec_Contact_UweStock_1000x667px.jpg\" draggable=\"false\"\/><\/a><\/div><p class=\"subtitle\">Uwe Stock<\/p><p class=\"text\">Phone: +49 (0) 6441 5291 206<\/p><a class=\"cb-button\" href=\"#mailto: uwe.stock@sensitec.com\">Email<\/a><\/div><div class=\"contentbox\"><h3>INTERNAL TECHNICAL SALES SERVICE<\/h3><div class=\"img-container\"><a href=\"#mailt: semra.kilic@sensitec.com\"><img decoding=\"async\" src=\"https:\/\/www.sensitec.com\/wp-content\/uploads\/2023\/09\/Sensitec_Contact_SemraKilic_1000x667px.jpg\" draggable=\"false\"\/><\/a><\/div><p class=\"subtitle\">Semra Kilic<\/p><p class=\"text\">Phone: +49 (0) 6441 5291 212<\/p><a class=\"cb-button\" href=\"#mailt: semra.kilic@sensitec.com\">Email<\/a><\/div><div class=\"contentbox\"><h3>ASSISTANCE<\/h3><div class=\"img-container\"><a href=\"#mailto: renate.hoppe@sensitec.com\"><img decoding=\"async\" src=\"https:\/\/www.sensitec.com\/wp-content\/uploads\/2024\/01\/Sensitec_Contact_RenateHoppe_1000x667px.jpg\" draggable=\"false\"\/><\/a><\/div><p class=\"subtitle\">Renate Hoppe<\/p><p class=\"text\">Phone: +49 (0) 6441 5291 234<\/p><a class=\"cb-button\" href=\"#mailto: renate.hoppe@sensitec.com\">Email<\/a><\/div><div class=\"contentbox\"><h3>ASSISTANCE<\/h3><div class=\"img-container\"><a href=\"#mailto: kimberly.hegen@sensitec.com\"><img decoding=\"async\" src=\"https:\/\/www.sensitec.com\/wp-content\/uploads\/2024\/01\/Sensitec_Contact_KimHegen_1000x667px.jpg\" draggable=\"false\"\/><\/a><\/div><p class=\"subtitle\">Kimberly Hegen<\/p><p class=\"text\">Phone: +49 (0) 6441 5291 271<\/p><a class=\"cb-button\" href=\"#mailto: kimberly.hegen@sensitec.com\">Email<\/a><\/div><\/div>\t\t\t\t<\/div>\n\t\t\t\t<\/div>\n\t\t\t\t<div class=\"elementor-element elementor-element-4564583 elementor-widget-divider--view-line elementor-widget elementor-widget-divider\" data-id=\"4564583\" data-element_type=\"widget\" data-e-type=\"widget\" data-widget_type=\"divider.default\">\n\t\t\t\t<div class=\"elementor-widget-container\">\n\t\t\t\t\t\t\t<div class=\"elementor-divider\">\n\t\t\t<span class=\"elementor-divider-separator\">\n\t\t\t\t\t\t<\/span>\n\t\t<\/div>\n\t\t\t\t\t\t<\/div>\n\t\t\t\t<\/div>\n\t\t\t\t\t<\/div>\n\t\t<\/div>\n\t\t\t\t\t<\/div>\n\t\t<\/section>\n\t\t\t\t<\/div>\n\t\t","protected":false},"excerpt":{"rendered":"<p>Our sales team Find your contact person in your country and region Vereinigte Staaten von AmerikaChinaRepublik KoreaJapanTaiwanAustralienIndienFrankreichItalienSchweiz\u00d6sterreichGro\u00dfbritannienDeutschlandAndereSpanienSlowenienT\u00fcrkeiNiederlandeBelgien Ihr Ansprechpartner Sales team HEAD NATIONAL \/ INTERNATIONAL J\u00f6rg Stamm Phone: +49 (0) 6441 5291 231 Email HEAD DACH Glenn von Manteuffel Phone: +49 (0) 9089 92 00 962 Email HEAD NORTHWEST \/ DE \/ BENELUX Uwe Stock [&hellip;]<\/p>\n","protected":false},"author":2,"featured_media":0,"parent":0,"menu_order":0,"comment_status":"closed","ping_status":"closed","template":"","meta":{"footnotes":""},"class_list":["post-11044","page","type-page","status-publish","hentry"],"yoast_head":"<!-- This site is optimized with the Yoast SEO plugin v27.0 - https:\/\/yoast.com\/product\/yoast-seo-wordpress\/ -->\n<title>Vertrieb - Sensitec<\/title>\n<meta name=\"robots\" content=\"index, follow, max-snippet:-1, max-image-preview:large, max-video-preview:-1\" \/>\n<link rel=\"canonical\" href=\"https:\/\/www.sensitec.com\/en\/vertrieb\/\" \/>\n<meta property=\"og:locale\" content=\"en_US\" \/>\n<meta property=\"og:type\" content=\"article\" \/>\n<meta property=\"og:title\" content=\"Vertrieb - Sensitec\" \/>\n<meta property=\"og:description\" content=\"Our sales team Find your contact person in your country and region Vereinigte Staaten von AmerikaChinaRepublik KoreaJapanTaiwanAustralienIndienFrankreichItalienSchweiz\u00d6sterreichGro\u00dfbritannienDeutschlandAndereSpanienSlowenienT\u00fcrkeiNiederlandeBelgien Ihr Ansprechpartner Sales team HEAD NATIONAL \/ INTERNATIONAL J\u00f6rg Stamm Phone: +49 (0) 6441 5291 231 Email HEAD DACH Glenn von Manteuffel Phone: +49 (0) 9089 92 00 962 Email HEAD NORTHWEST \/ DE \/ BENELUX Uwe Stock [&hellip;]\" \/>\n<meta property=\"og:url\" content=\"https:\/\/www.sensitec.com\/en\/vertrieb\/\" \/>\n<meta property=\"og:site_name\" content=\"Sensitec\" \/>\n<meta property=\"article:modified_time\" content=\"2024-11-28T13:23:16+00:00\" \/>\n<meta property=\"og:image\" content=\"https:\/\/www.sensitec.com\/wp-content\/uploads\/2023\/07\/Unbenannt-1.png\" \/>\n<meta name=\"twitter:card\" content=\"summary_large_image\" \/>\n<meta name=\"twitter:label1\" content=\"Est. reading time\" \/>\n\t<meta name=\"twitter:data1\" content=\"2 minutes\" \/>\n<script type=\"application\/ld+json\" class=\"yoast-schema-graph\">{\"@context\":\"https:\/\/schema.org\",\"@graph\":[{\"@type\":\"WebPage\",\"@id\":\"https:\/\/www.sensitec.com\/en\/vertrieb\/\",\"url\":\"https:\/\/www.sensitec.com\/en\/vertrieb\/\",\"name\":\"Vertrieb - Sensitec\",\"isPartOf\":{\"@id\":\"https:\/\/www.sensitec.com\/en\/#website\"},\"primaryImageOfPage\":{\"@id\":\"https:\/\/www.sensitec.com\/en\/vertrieb\/#primaryimage\"},\"image\":{\"@id\":\"https:\/\/www.sensitec.com\/en\/vertrieb\/#primaryimage\"},\"thumbnailUrl\":\"https:\/\/www.sensitec.com\/wp-content\/uploads\/2023\/07\/Unbenannt-1.png\",\"datePublished\":\"2023-08-03T05:32:42+00:00\",\"dateModified\":\"2024-11-28T13:23:16+00:00\",\"breadcrumb\":{\"@id\":\"https:\/\/www.sensitec.com\/en\/vertrieb\/#breadcrumb\"},\"inLanguage\":\"en-US\",\"potentialAction\":[{\"@type\":\"ReadAction\",\"target\":[\"https:\/\/www.sensitec.com\/en\/vertrieb\/\"]}]},{\"@type\":\"ImageObject\",\"inLanguage\":\"en-US\",\"@id\":\"https:\/\/www.sensitec.com\/en\/vertrieb\/#primaryimage\",\"url\":\"https:\/\/www.sensitec.com\/wp-content\/uploads\/2023\/07\/Unbenannt-1.png\",\"contentUrl\":\"https:\/\/www.sensitec.com\/wp-content\/uploads\/2023\/07\/Unbenannt-1.png\"},{\"@type\":\"BreadcrumbList\",\"@id\":\"https:\/\/www.sensitec.com\/en\/vertrieb\/#breadcrumb\",\"itemListElement\":[{\"@type\":\"ListItem\",\"position\":1,\"name\":\"Sensitec\",\"item\":\"https:\/\/www.sensitec.com\/en\/\"},{\"@type\":\"ListItem\",\"position\":2,\"name\":\"Vertrieb\"}]},{\"@type\":\"WebSite\",\"@id\":\"https:\/\/www.sensitec.com\/en\/#website\",\"url\":\"https:\/\/www.sensitec.com\/en\/\",\"name\":\"Sensitec\",\"description\":\"\",\"potentialAction\":[{\"@type\":\"SearchAction\",\"target\":{\"@type\":\"EntryPoint\",\"urlTemplate\":\"https:\/\/www.sensitec.com\/en\/?s={search_term_string}\"},\"query-input\":{\"@type\":\"PropertyValueSpecification\",\"valueRequired\":true,\"valueName\":\"search_term_string\"}}],\"inLanguage\":\"en-US\"}]}<\/script>\n<!-- \/ Yoast SEO plugin. -->","yoast_head_json":{"title":"Vertrieb - Sensitec","robots":{"index":"index","follow":"follow","max-snippet":"max-snippet:-1","max-image-preview":"max-image-preview:large","max-video-preview":"max-video-preview:-1"},"canonical":"https:\/\/www.sensitec.com\/en\/vertrieb\/","og_locale":"en_US","og_type":"article","og_title":"Vertrieb - Sensitec","og_description":"Our sales team Find your contact person in your country and region Vereinigte Staaten von AmerikaChinaRepublik KoreaJapanTaiwanAustralienIndienFrankreichItalienSchweiz\u00d6sterreichGro\u00dfbritannienDeutschlandAndereSpanienSlowenienT\u00fcrkeiNiederlandeBelgien Ihr Ansprechpartner Sales team HEAD NATIONAL \/ INTERNATIONAL J\u00f6rg Stamm Phone: +49 (0) 6441 5291 231 Email HEAD DACH Glenn von Manteuffel Phone: +49 (0) 9089 92 00 962 Email HEAD NORTHWEST \/ DE \/ BENELUX Uwe Stock [&hellip;]","og_url":"https:\/\/www.sensitec.com\/en\/vertrieb\/","og_site_name":"Sensitec","article_modified_time":"2024-11-28T13:23:16+00:00","og_image":[{"url":"https:\/\/www.sensitec.com\/wp-content\/uploads\/2023\/07\/Unbenannt-1.png","type":"","width":"","height":""}],"twitter_card":"summary_large_image","twitter_misc":{"Est. reading time":"2 minutes"},"schema":{"@context":"https:\/\/schema.org","@graph":[{"@type":"WebPage","@id":"https:\/\/www.sensitec.com\/en\/vertrieb\/","url":"https:\/\/www.sensitec.com\/en\/vertrieb\/","name":"Vertrieb - Sensitec","isPartOf":{"@id":"https:\/\/www.sensitec.com\/en\/#website"},"primaryImageOfPage":{"@id":"https:\/\/www.sensitec.com\/en\/vertrieb\/#primaryimage"},"image":{"@id":"https:\/\/www.sensitec.com\/en\/vertrieb\/#primaryimage"},"thumbnailUrl":"https:\/\/www.sensitec.com\/wp-content\/uploads\/2023\/07\/Unbenannt-1.png","datePublished":"2023-08-03T05:32:42+00:00","dateModified":"2024-11-28T13:23:16+00:00","breadcrumb":{"@id":"https:\/\/www.sensitec.com\/en\/vertrieb\/#breadcrumb"},"inLanguage":"en-US","potentialAction":[{"@type":"ReadAction","target":["https:\/\/www.sensitec.com\/en\/vertrieb\/"]}]},{"@type":"ImageObject","inLanguage":"en-US","@id":"https:\/\/www.sensitec.com\/en\/vertrieb\/#primaryimage","url":"https:\/\/www.sensitec.com\/wp-content\/uploads\/2023\/07\/Unbenannt-1.png","contentUrl":"https:\/\/www.sensitec.com\/wp-content\/uploads\/2023\/07\/Unbenannt-1.png"},{"@type":"BreadcrumbList","@id":"https:\/\/www.sensitec.com\/en\/vertrieb\/#breadcrumb","itemListElement":[{"@type":"ListItem","position":1,"name":"Sensitec","item":"https:\/\/www.sensitec.com\/en\/"},{"@type":"ListItem","position":2,"name":"Vertrieb"}]},{"@type":"WebSite","@id":"https:\/\/www.sensitec.com\/en\/#website","url":"https:\/\/www.sensitec.com\/en\/","name":"Sensitec","description":"","potentialAction":[{"@type":"SearchAction","target":{"@type":"EntryPoint","urlTemplate":"https:\/\/www.sensitec.com\/en\/?s={search_term_string}"},"query-input":{"@type":"PropertyValueSpecification","valueRequired":true,"valueName":"search_term_string"}}],"inLanguage":"en-US"}]}},"_links":{"self":[{"href":"https:\/\/www.sensitec.com\/en\/wp-json\/wp\/v2\/pages\/11044","targetHints":{"allow":["GET"]}}],"collection":[{"href":"https:\/\/www.sensitec.com\/en\/wp-json\/wp\/v2\/pages"}],"about":[{"href":"https:\/\/www.sensitec.com\/en\/wp-json\/wp\/v2\/types\/page"}],"author":[{"embeddable":true,"href":"https:\/\/www.sensitec.com\/en\/wp-json\/wp\/v2\/users\/2"}],"replies":[{"embeddable":true,"href":"https:\/\/www.sensitec.com\/en\/wp-json\/wp\/v2\/comments?post=11044"}],"version-history":[{"count":6,"href":"https:\/\/www.sensitec.com\/en\/wp-json\/wp\/v2\/pages\/11044\/revisions"}],"predecessor-version":[{"id":11050,"href":"https:\/\/www.sensitec.com\/en\/wp-json\/wp\/v2\/pages\/11044\/revisions\/11050"}],"wp:attachment":[{"href":"https:\/\/www.sensitec.com\/en\/wp-json\/wp\/v2\/media?parent=11044"}],"curies":[{"name":"wp","href":"https:\/\/api.w.org\/{rel}","templated":true}]}}